{"id":16,"date":"2025-12-02T17:16:52","date_gmt":"2025-12-02T17:16:52","guid":{"rendered":"https:\/\/domaciokusi.com\/?page_id=16"},"modified":"2025-12-02T17:18:43","modified_gmt":"2025-12-02T17:18:43","slug":"opci-uvjeti-poslovanja","status":"publish","type":"page","link":"https:\/\/domaciokusi.com\/de\/opci-uvjeti-poslovanja\/","title":{"rendered":"Op\u0107i uvjeti poslovanja"},"content":{"rendered":"<div data-elementor-type=\"wp-page\" data-elementor-id=\"16\" class=\"elementor elementor-16\" data-elementor-post-type=\"page\">\n\t\t\t\t<div class=\"elementor-element elementor-element-523becec e-flex e-con-boxed e-con e-parent\" data-id=\"523becec\" data-element_type=\"container\">\n\t\t\t\t\t<div class=\"e-con-inner\">\n\t\t\t\t<div class=\"elementor-element elementor-element-376484aa elementor-widget elementor-widget-text-editor\" data-id=\"376484aa\" data-element_type=\"widget\" data-widget_type=\"text-editor.default\">\n\t\t\t\t<div class=\"elementor-widget-container\">\n\t\t\t\t\t\t\t\t\t<p><\/p>\n<h1 data-start=\"327\" data-end=\"376\"><strong data-start=\"329\" data-end=\"376\">Op\u0107i uvjeti poslovanja \u2013 DomaciOkusi.com<\/strong><\/h1>\n<p data-start=\"378\" data-end=\"609\">Dobrodo\u0161li na <a class=\"decorated-link\" href=\"https:\/\/domaciokusi.com\/de\/\" target=\"_new\" rel=\"noopener\" data-start=\"392\" data-end=\"411\">www.domaciokusi.com<\/a>. Ovim Op\u0107im uvjetima poslovanja ure\u0111uju se uvjeti kupnje, dostave i kori\u0161tenja na\u0161e web trgovine za prodaju svje\u017eeg vo\u0107a i povr\u0107a iz Hrvatske u Austriju. Kori\u0161tenjem webshopa prihva\u0107ate ove uvjete.<\/p>\n<hr data-start=\"611\" data-end=\"614\" \/>\n<h2 data-start=\"616\" data-end=\"642\"><strong data-start=\"619\" data-end=\"642\">1. Podaci o trgovcu<\/strong><\/h2>\n<p data-start=\"643\" data-end=\"756\">Naziv: FRU-IT obrt za trgovinu (<strong data-start=\"650\" data-end=\"666\">Domaciokusi.com)<\/strong><br data-start=\"666\" data-end=\"669\" \/>Sjedi\u0161te: Hrvatska, Trogir (21220), Mi\u0161evac 98F<br \/><span style=\"font-style: inherit; font-weight: inherit;\">OIB: 32016717147<br \/>\u017diro ra\u010dun otvoren u Erste banci:<br \/>IBAN: HR7424020061140622569<\/span><\/p>\n<p data-start=\"643\" data-end=\"756\">E-mail: <a class=\"decorated-link cursor-pointer\" rel=\"noopener\" data-start=\"698\" data-end=\"718\">info@domaciokusi.com<\/a><br data-start=\"718\" data-end=\"721\" \/>Web stranica: <a class=\"decorated-link\" href=\"https:\/\/domaciokusi.com\/de\/\" target=\"_new\" rel=\"noopener\" data-start=\"735\" data-end=\"754\">www.domaciokusi.com<\/a><\/p>\n<hr data-start=\"758\" data-end=\"761\" \/>\n<h2 data-start=\"763\" data-end=\"791\"><strong data-start=\"766\" data-end=\"791\">2. Usluga i proizvodi<\/strong><\/h2>\n<p data-start=\"792\" data-end=\"957\">Webshop nudi prodaju svje\u017eeg vo\u0107a i povr\u0107a iz Hrvatske. Fotografije proizvoda su simboli\u010dne te se mogu razlikovati po obliku, boji i veli\u010dini zbog prirode proizvoda.<\/p>\n<p data-start=\"959\" data-end=\"1002\">Svi proizvodi su dostupni do isteka zaliha.<\/p>\n<hr data-start=\"1004\" data-end=\"1007\" \/>\n<h2 data-start=\"1009\" data-end=\"1025\"><strong data-start=\"1012\" data-end=\"1025\">3. Cijene<\/strong><\/h2>\n<p data-start=\"1026\" data-end=\"1161\">Sve cijene su izra\u017eene u eurima (EUR).<br data-start=\"1064\" data-end=\"1067\" \/>Sve cijene prikazane su krajnje cijene jer obrt nije u sustavu PDV-a.<br data-start=\"1088\" data-end=\"1091\" \/>Cijena dostave prikazuje se tijekom narud\u017ebe prije zavr\u0161etka kupnje.<\/p>\n<p data-start=\"1163\" data-end=\"1223\">Trgovac zadr\u017eava pravo promjene cijena bez prethodne najave.<\/p>\n<hr data-start=\"1225\" data-end=\"1228\" \/>\n<h2 data-start=\"1230\" data-end=\"1258\"><strong data-start=\"1233\" data-end=\"1258\">4. Proces naru\u010divanja<\/strong><\/h2>\n<p data-start=\"1259\" data-end=\"1431\">Kupac bira proizvode, dodaje u ko\u0161aricu i potvr\u0111uje narud\u017ebu.<br data-start=\"1320\" data-end=\"1323\" \/>Naru\u010divanje je mogu\u0107e 24\/7 putem web stranice.<br data-start=\"1369\" data-end=\"1372\" \/>Nakon izvr\u0161ene narud\u017ebe kupac dobiva potvrdu putem e-maila.<\/p>\n<p data-start=\"1433\" data-end=\"1481\">Kupac je du\u017ean unijeti to\u010dne podatke za dostavu.<\/p>\n<hr data-start=\"1483\" data-end=\"1486\" \/>\n<h2 data-start=\"1488\" data-end=\"1513\"><strong data-start=\"1491\" data-end=\"1513\">5. Na\u010dini pla\u0107anja<\/strong><\/h2>\n<p data-start=\"1514\" data-end=\"1552\">Prihva\u0107amo sljede\u0107e oblike pla\u0107anja:<\/p>\n<ul data-start=\"1553\" data-end=\"1632\">\n<li data-start=\"1553\" data-end=\"1574\">\n<p data-start=\"1555\" data-end=\"1574\">Karti\u010dno pla\u0107anje (jednokratno)<\/p>\n<\/li>\n<\/ul>\n<p data-start=\"1634\" data-end=\"1681\">Narud\u017eba se obra\u0111uje nakon evidentirane uplate.<\/p>\n<hr data-start=\"1683\" data-end=\"1686\" \/>\n<h2 data-start=\"1688\" data-end=\"1705\"><strong data-start=\"1691\" data-end=\"1705\">6. Dostava<\/strong><\/h2>\n<p data-start=\"1706\" data-end=\"1791\">Dostavu vr\u0161imo u Austriji na odabranim lokacijama.<br data-start=\"1750\" data-end=\"1753\" \/>Vrijeme dostave: do <strong data-start=\"1770\" data-end=\"1788\">14 radnih dana<\/strong>. (Bit \u0107ete obavje\u0161teni pravovremeno o isporuci dobara)<\/p>\n<p data-start=\"1793\" data-end=\"1883\">S obzirom da se radi o svje\u017eim prehrambenim proizvodima, mogu\u0107e su manje razlike u te\u017eini.<\/p>\n<hr data-start=\"1926\" data-end=\"1929\" \/>\n<h2 data-start=\"1931\" data-end=\"1962\"><strong data-start=\"1934\" data-end=\"1962\">7. Reklamacije i povrati<\/strong><\/h2>\n<p data-start=\"1963\" data-end=\"2043\">Zbog prirode proizvoda (svje\u017ee vo\u0107e i povr\u0107e), povrat nije mogu\u0107 osim u slu\u010daju:<\/p>\n<ul data-start=\"2045\" data-end=\"2122\">\n<li data-start=\"2045\" data-end=\"2068\">\n<p data-start=\"2047\" data-end=\"2068\">o\u0161te\u0107enog proizvoda<\/p>\n<\/li>\n<li data-start=\"2069\" data-end=\"2105\">\n<p data-start=\"2071\" data-end=\"2105\">nepravilno isporu\u010denog proizvoda<\/p>\n<\/li>\n<\/ul>\n<p data-start=\"2124\" data-end=\"2280\">Kupac je du\u017ean pri osobnom primitku dobara\u00a0iznijeti nezadovoljstvo i iznijeti \u017ealbu.<br data-start=\"2216\" data-end=\"2219\" \/>Nakon toga nudimo <strong data-start=\"2237\" data-end=\"2258\">zamjenu proizvoda<\/strong> ili <strong data-start=\"2263\" data-end=\"2279\">povrat novca<\/strong>\u00a0ukoliko se neispravnosti utvrde.<\/p>\n<hr data-start=\"2282\" data-end=\"2285\" \/>\n<h2 data-start=\"2287\" data-end=\"2316\"><strong data-start=\"2290\" data-end=\"2316\">8. Odustanak od kupnje<\/strong><\/h2>\n<p data-start=\"2317\" data-end=\"2496\">Zbog kratkog roka trajanja i kvarljivosti prehrambenih proizvoda, pravo na jednostrani raskid ugovora (14 dana) <strong data-start=\"2429\" data-end=\"2450\">ne primjenjuje se<\/strong> u skladu s EU Direktivom o pravima potro\u0161a\u010da.<\/p>\n<hr data-start=\"2498\" data-end=\"2501\" \/>\n<h2 data-start=\"2503\" data-end=\"2537\"><strong data-start=\"2506\" data-end=\"2537\">9. Za\u0161tita osobnih podataka<\/strong><\/h2>\n<p data-start=\"2538\" data-end=\"2653\">Svi osobni podaci kupaca \u010duvaju se sukladno GDPR regulativi.<br data-start=\"2598\" data-end=\"2601\" \/>Podaci se koriste samo za obradu narud\u017ebi i dostavu.<\/p>\n<p data-start=\"2655\" data-end=\"2719\">Kupac ima pravo zatra\u017eiti brisanje ili ispravak svojih podataka.<\/p>\n<hr data-start=\"2721\" data-end=\"2724\" \/>\n<h2 data-start=\"2726\" data-end=\"2748\"><strong data-start=\"2729\" data-end=\"2748\">10. Odgovornost<\/strong><\/h2>\n<p data-start=\"2749\" data-end=\"2991\">Stranica mo\u017ee privremeno biti nedostupna radi odr\u017eavanja ili tehni\u010dkih problema.<br data-start=\"2829\" data-end=\"2832\" \/>Trgovac ne odgovara za eventualnu \u0161tetu nastalu ka\u0161njenjem isporuke zbog okolnosti izvan na\u0161e kontrole (\u0161trajk, vremenske nepogode, problemi kurirske slu\u017ebe\u2026).<\/p>\n<hr data-start=\"2993\" data-end=\"2996\" \/>\n<h2 data-start=\"2998\" data-end=\"3024\"><strong data-start=\"3001\" data-end=\"3024\">11. Zavr\u0161ne odredbe<\/strong><\/h2>\n<p data-start=\"3025\" data-end=\"3168\">Kori\u0161tenjem ove stranice potvr\u0111ujete da ste upoznati s Op\u0107im uvjetima poslovanja.<br data-start=\"3106\" data-end=\"3109\" \/>Trgovac zadr\u017eava pravo izmjene uvjeta bez prethodne najave.<\/p>\n<p><\/p>\t\t\t\t\t\t\t\t<\/div>\n\t\t\t\t<\/div>\n\t\t\t\t\t<\/div>\n\t\t\t\t<\/div>\n\t\t\t\t<\/div>","protected":false},"excerpt":{"rendered":"<p>Op\u0107i uvjeti poslovanja \u2013 DomaciOkusi.com Dobrodo\u0161li na www.domaciokusi.com. Ovim Op\u0107im uvjetima poslovanja ure\u0111uju se uvjeti kupnje, dostave i kori\u0161tenja na\u0161e web trgovine za prodaju svje\u017eeg vo\u0107a i povr\u0107a iz Hrvatske u Austriju. Kori\u0161tenjem webshopa prihva\u0107ate ove uvjete. 1. Podaci o trgovcu Naziv: FRU-IT obrt za trgovinu (Domaciokusi.com)Sjedi\u0161te: Hrvatska, Trogir (21220), Mi\u0161evac 98FOIB: 32016717147\u017diro ra\u010dun otvoren [&hellip;]<\/p>","protected":false},"author":1,"featured_media":0,"parent":0,"menu_order":0,"comment_status":"closed","ping_status":"closed","template":"","meta":{"site-sidebar-layout":"default","site-content-layout":"","ast-site-content-layout":"default","site-content-style":"default","site-sidebar-style":"default","ast-global-header-display":"","ast-banner-title-visibility":"","ast-main-header-display":"","ast-hfb-above-header-display":"","ast-hfb-below-header-display":"","ast-hfb-mobile-header-display":"","site-post-title":"","ast-breadcrumbs-content":"","ast-featured-img":"","footer-sml-layout":"","theme-transparent-header-meta":"","adv-header-id-meta":"","stick-header-meta":"","header-above-stick-meta":"","header-main-stick-meta":"","header-below-stick-meta":"","astra-migrate-meta-layouts":"default","ast-page-background-enabled":"default","ast-page-background-meta":{"desktop":{"background-color":"","background-image":"","background-repeat":"repeat","background-position":"center center","background-size":"auto","background-attachment":"scroll","background-type":"","background-media":"","overlay-type":"","overlay-color":"","overlay-opacity":"","overlay-gradient":""},"tablet":{"background-color":"","background-image":"","background-repeat":"repeat","background-position":"center center","background-size":"auto","background-attachment":"scroll","background-type":"","background-media":"","overlay-type":"","overlay-color":"","overlay-opacity":"","overlay-gradient":""},"mobile":{"background-color":"","background-image":"","background-repeat":"repeat","background-position":"center center","background-size":"auto","background-attachment":"scroll","background-type":"","background-media":"","overlay-type":"","overlay-color":"","overlay-opacity":"","overlay-gradient":""}},"ast-content-background-meta":{"desktop":{"background-color":"var(--ast-global-color-5)","background-image":"","background-repeat":"repeat","background-position":"center center","background-size":"auto","background-attachment":"scroll","background-type":"","background-media":"","overlay-type":"","overlay-color":"","overlay-opacity":"","overlay-gradient":""},"tablet":{"background-color":"var(--ast-global-color-5)","background-image":"","background-repeat":"repeat","background-position":"center center","background-size":"auto","background-attachment":"scroll","background-type":"","background-media":"","overlay-type":"","overlay-color":"","overlay-opacity":"","overlay-gradient":""},"mobile":{"background-color":"var(--ast-global-color-5)","background-image":"","background-repeat":"repeat","background-position":"center center","background-size":"auto","background-attachment":"scroll","background-type":"","background-media":"","overlay-type":"","overlay-color":"","overlay-opacity":"","overlay-gradient":""}},"footnotes":""},"class_list":["post-16","page","type-page","status-publish","hentry"],"jetpack_sharing_enabled":true,"_links":{"self":[{"href":"https:\/\/domaciokusi.com\/de\/wp-json\/wp\/v2\/pages\/16","targetHints":{"allow":["GET"]}}],"collection":[{"href":"https:\/\/domaciokusi.com\/de\/wp-json\/wp\/v2\/pages"}],"about":[{"href":"https:\/\/domaciokusi.com\/de\/wp-json\/wp\/v2\/types\/page"}],"author":[{"embeddable":true,"href":"https:\/\/domaciokusi.com\/de\/wp-json\/wp\/v2\/users\/1"}],"replies":[{"embeddable":true,"href":"https:\/\/domaciokusi.com\/de\/wp-json\/wp\/v2\/comments?post=16"}],"version-history":[{"count":9,"href":"https:\/\/domaciokusi.com\/de\/wp-json\/wp\/v2\/pages\/16\/revisions"}],"predecessor-version":[{"id":8486,"href":"https:\/\/domaciokusi.com\/de\/wp-json\/wp\/v2\/pages\/16\/revisions\/8486"}],"wp:attachment":[{"href":"https:\/\/domaciokusi.com\/de\/wp-json\/wp\/v2\/media?parent=16"}],"curies":[{"name":"wp","href":"https:\/\/api.w.org\/{rel}","templated":true}]}}