{"id":8507,"date":"2025-12-02T18:41:54","date_gmt":"2025-12-02T18:41:54","guid":{"rendered":"https:\/\/domaciokusi.com\/?page_id=8507"},"modified":"2025-12-02T18:47:20","modified_gmt":"2025-12-02T18:47:20","slug":"pravila-privatnosti","status":"publish","type":"page","link":"https:\/\/domaciokusi.com\/de\/pravila-privatnosti\/","title":{"rendered":"Pravila privatnosti"},"content":{"rendered":"<div data-elementor-type=\"wp-page\" data-elementor-id=\"8507\" class=\"elementor elementor-8507\" data-elementor-post-type=\"page\">\n\t\t\t\t<div class=\"elementor-element elementor-element-3f638fc e-flex e-con-boxed e-con e-parent\" data-id=\"3f638fc\" data-element_type=\"container\">\n\t\t\t\t\t<div class=\"e-con-inner\">\n\t\t\t\t<div class=\"elementor-element elementor-element-9c0d7f4 elementor-widget elementor-widget-text-editor\" data-id=\"9c0d7f4\" data-element_type=\"widget\" data-widget_type=\"text-editor.default\">\n\t\t\t\t<div class=\"elementor-widget-container\">\n\t\t\t\t\t\t\t\t\t<h1 data-start=\"305\" data-end=\"365\">DomaciOkusi.com<\/h1><p data-start=\"367\" data-end=\"647\"><strong data-start=\"367\" data-end=\"387\">Voditelj obrade:<\/strong><br data-start=\"387\" data-end=\"390\" \/>FRU-IT obrt za trgovinu (DomaciOkusi.com)<br data-start=\"431\" data-end=\"434\" \/>Sjedi\u0161te: Mi\u0161evac 98F, Trogir (21220), Hrvatska<br data-start=\"519\" data-end=\"522\" \/>OIB: 32016717147<br data-start=\"576\" data-end=\"579\" \/>E-mail: <a class=\"decorated-link cursor-pointer\" rel=\"noopener\" data-start=\"587\" data-end=\"607\">info@domaciokusi.com<\/a><\/p><h2 data-start=\"654\" data-end=\"686\">1. Koje podatke prikupljamo<\/h2><p data-start=\"687\" data-end=\"769\">Prikupljamo samo one podatke koji su nu\u017eni za obradu narud\u017ebe i pru\u017eanje usluga:<\/p><ul data-start=\"771\" data-end=\"1255\"><li data-start=\"771\" data-end=\"794\"><p data-start=\"773\" data-end=\"794\">Ime i prezime kupca<\/p><\/li><li data-start=\"795\" data-end=\"829\"><p data-start=\"797\" data-end=\"829\">Adresa dostave \/ adresa ra\u010duna<\/p><\/li><li data-start=\"830\" data-end=\"847\"><p data-start=\"832\" data-end=\"847\">E-mail adresa<\/p><\/li><li data-start=\"848\" data-end=\"894\"><p data-start=\"850\" data-end=\"894\">Broj telefona (ako je potreban za dostavu)<\/p><\/li><li data-start=\"895\" data-end=\"1045\"><p data-start=\"897\" data-end=\"1045\">Podaci o narud\u017ebi i pla\u0107anju (ali: podaci o pla\u0107anju \u2014 npr. broj kartice \u2014 <strong data-start=\"972\" data-end=\"978\">ne<\/strong> pohranjujemo), obra\u0111uju ih isklju\u010divo ovla\u0161teni platni procesor.<\/p><\/li><li data-start=\"1046\" data-end=\"1255\"><p data-start=\"1048\" data-end=\"1255\">Tehni\u010dki podaci: IP adresa, podaci o pregledniku i ure\u0111aju, kola\u010di\u0107i \/ cookies<\/p><\/li><\/ul><hr data-start=\"1257\" data-end=\"1260\" \/><h2 data-start=\"1262\" data-end=\"1307\">2. Svrha i pravna osnova obrade podataka<\/h2><p data-start=\"1308\" data-end=\"1344\">Podatke obra\u0111ujemo u sljede\u0107e svrhe:<\/p><ul data-start=\"1346\" data-end=\"1779\"><li data-start=\"1346\" data-end=\"1409\"><p data-start=\"1348\" data-end=\"1409\">Obrada narud\u017ebi i realizacija dostave (izvr\u0161avanje ugovora)<\/p><\/li><li data-start=\"1410\" data-end=\"1492\"><p data-start=\"1412\" data-end=\"1492\">Kontakt s kupcem (npr. obavijesti o narud\u017ebi, dostavi, eventualnim problemima)<\/p><\/li><li data-start=\"1493\" data-end=\"1549\"><p data-start=\"1495\" data-end=\"1549\">Vo\u0111enje evidencije i ra\u010dunovodstvo (zakonska obveza)<\/p><\/li><li data-start=\"1550\" data-end=\"1646\"><p data-start=\"1552\" data-end=\"1646\">Pobolj\u0161anje usluge, korisni\u010dkog iskustva i tehni\u010dko odr\u017eavanje web-shopa (legitimni interes)<\/p><\/li><li data-start=\"1647\" data-end=\"1779\"><p data-start=\"1649\" data-end=\"1779\">Ako se koristi \u2014 marketing i newsletter, isklju\u010divo uz privolu korisnika (privola\/consent)<\/p><\/li><\/ul><hr data-start=\"1781\" data-end=\"1784\" \/><h2 data-start=\"1786\" data-end=\"1817\">3. S kime dijelimo podatke<\/h2><p data-start=\"1818\" data-end=\"1906\">Va\u0161i osobni podaci mogu biti proslije\u0111eni isklju\u010divo u svrhu isporuke i obrade narud\u017ebe:<\/p><ul data-start=\"1908\" data-end=\"2132\"><li data-start=\"1908\" data-end=\"1945\"><p data-start=\"1910\" data-end=\"1945\">Kurirskim slu\u017ebama (radi dostave)<\/p><\/li><li data-start=\"1946\" data-end=\"1983\"><p data-start=\"1948\" data-end=\"1983\">Platnim procesorima (za pla\u0107anje)<\/p><\/li><li data-start=\"1984\" data-end=\"2001\"><p data-start=\"1986\" data-end=\"2001\">Ra\u010dunovodstvu<\/p><\/li><li data-start=\"2002\" data-end=\"2061\"><p data-start=\"2004\" data-end=\"2061\">Hosting provideru \/ IT-servisu (za tehni\u010dko odr\u017eavanje)<\/p><\/li><li data-start=\"2062\" data-end=\"2132\"><p data-start=\"2064\" data-end=\"2132\">Marketin\u0161kim \/ analiti\u010dkim alatima \u2014 <strong data-start=\"2101\" data-end=\"2130\">samo ako ste dali privolu<\/strong><\/p><\/li><\/ul><p data-start=\"2134\" data-end=\"2218\">Ne prodajemo va\u0161e podatke niti ih dijelimo s tre\u0107im stranama u komercijalne svrhe.<\/p><hr data-start=\"2220\" data-end=\"2223\" \/><h2 data-start=\"2225\" data-end=\"2253\">4. Rok \u010duvanja podataka<\/h2><ul data-start=\"2254\" data-end=\"2575\"><li data-start=\"2254\" data-end=\"2386\"><p data-start=\"2256\" data-end=\"2386\">Podaci vezani za narud\u017ebe i ra\u010dunovodstvo \u2014 pohranjuju se onoliko koliko to zahtijeva zakon (ra\u010dunovodstveni i porezni propisi).<\/p><\/li><li data-start=\"2387\" data-end=\"2486\"><p data-start=\"2389\" data-end=\"2486\">Podaci za kontakt \/ dostavu \u2014 dok je korisnik aktivan i dok je to potrebno za izvr\u0161enje usluge.<\/p><\/li><li data-start=\"2487\" data-end=\"2575\"><p data-start=\"2489\" data-end=\"2575\">Ako korisnik zatra\u017ei \u2014 mogu\u0107e je brisanje\/nevidljivost podataka, u skladu s GDPR-om.<\/p><\/li><\/ul><hr data-start=\"2577\" data-end=\"2580\" \/><h2 data-start=\"2582\" data-end=\"2605\">5. Prava korisnika<\/h2><p data-start=\"2606\" data-end=\"2628\">Korisnici imaju pravo:<\/p><ul data-start=\"2630\" data-end=\"3024\"><li data-start=\"2630\" data-end=\"2692\"><p data-start=\"2632\" data-end=\"2692\">Pristupiti svojim podacima (zamoliti vas da dobiju kopiju)<\/p><\/li><li data-start=\"2693\" data-end=\"2735\"><p data-start=\"2695\" data-end=\"2735\">Zahtijevati ispravak neto\u010dnih podataka<\/p><\/li><li data-start=\"2736\" data-end=\"2812\"><p data-start=\"2738\" data-end=\"2812\">Zahtijevati brisanje podataka (ako nema zakonske obveze njihove pohrane)<\/p><\/li><li data-start=\"2813\" data-end=\"2834\"><p data-start=\"2815\" data-end=\"2834\">Ograni\u010diti obradu<\/p><\/li><li data-start=\"2835\" data-end=\"2875\"><p data-start=\"2837\" data-end=\"2875\">Prigovoriti obradi (npr. marketingu)<\/p><\/li><li data-start=\"2876\" data-end=\"2921\"><p data-start=\"2878\" data-end=\"2921\">Prenosivost podataka (ako je primjenjivo)<\/p><\/li><li data-start=\"2922\" data-end=\"3024\"><p data-start=\"2924\" data-end=\"3024\">Povla\u010denje privole u bilo kojem trenutku (npr. za marketing)<\/p><\/li><\/ul><hr data-start=\"3085\" data-end=\"3088\" \/><h2 data-start=\"3090\" data-end=\"3116\">6. Sigurnost podataka<\/h2><p data-start=\"3117\" data-end=\"3288\">Poduzimamo tehni\u010dke i organizacijske mjere kako bi za\u0161titili va\u0161e podatke od gubitka, neovla\u0161tenog pristupa, izmjene ili zloupotrebe. Web-shop radi preko HTTPS\/SSL veze.<\/p><hr data-start=\"3290\" data-end=\"3293\" \/><h2 data-start=\"3295\" data-end=\"3332\">7. Kola\u010di\u0107i (Cookies) &amp; pra\u0107enje<\/h2><p data-start=\"3333\" data-end=\"3377\">Na web-shopu mo\u017eemo koristiti kola\u010di\u0107e radi:<\/p><ul data-start=\"3379\" data-end=\"3536\"><li data-start=\"3379\" data-end=\"3418\"><p data-start=\"3381\" data-end=\"3418\">Funkcionalnosti ko\u0161arice i pla\u0107anja<\/p><\/li><li data-start=\"3419\" data-end=\"3477\"><p data-start=\"3421\" data-end=\"3477\">Analitike i pra\u0107enja posjeta (ako korisnik da privolu)<\/p><\/li><li data-start=\"3478\" data-end=\"3536\"><p data-start=\"3480\" data-end=\"3536\">Marketin\u0161kih ili remarketing kampanja, samo uz privolu<\/p><\/li><\/ul><p data-start=\"3538\" data-end=\"3668\">Korisnici mogu u svakom trenutku odbiti kola\u010di\u0107e ili ih obrisati u postavkama preglednika.<\/p><hr data-start=\"3670\" data-end=\"3673\" \/><h2 data-start=\"3675\" data-end=\"3698\">8. Kontakt i upiti<\/h2><p data-start=\"3699\" data-end=\"3818\">Za sva pitanja o za\u0161titi podataka, zahtjeve za pristupom \/ brisanjem \/ ispravkom \u2014 pi\u0161ite na <strong data-start=\"3792\" data-end=\"3816\"><a class=\"decorated-link cursor-pointer\" rel=\"noopener\" data-start=\"3794\" data-end=\"3814\">info@domaciokusi.com<\/a><\/strong><\/p><hr data-start=\"3820\" data-end=\"3823\" \/><h2 data-start=\"3825\" data-end=\"3863\">9. A\u017euriranje Pravila privatnosti<\/h2><p data-start=\"367\" data-end=\"647\">\u00a0<\/p><p data-start=\"3864\" data-end=\"3966\">Zadr\u017eavamo pravo izmjene Pravila privatnosti. Sve promjene bit \u0107e javno objavljene na ovoj stranici.<\/p>\t\t\t\t\t\t\t\t<\/div>\n\t\t\t\t<\/div>\n\t\t\t\t\t<\/div>\n\t\t\t\t<\/div>\n\t\t\t\t<\/div>","protected":false},"excerpt":{"rendered":"<p>DomaciOkusi.com Voditelj obrade:FRU-IT obrt za trgovinu (DomaciOkusi.com)Sjedi\u0161te: Mi\u0161evac 98F, Trogir (21220), HrvatskaOIB: 32016717147E-mail: info@domaciokusi.com 1. Koje podatke prikupljamo Prikupljamo samo one podatke koji su nu\u017eni za obradu narud\u017ebe i pru\u017eanje usluga: Ime i prezime kupca Adresa dostave \/ adresa ra\u010duna E-mail adresa Broj telefona (ako je potreban za dostavu) Podaci o narud\u017ebi i pla\u0107anju (ali: [&hellip;]<\/p>","protected":false},"author":1,"featured_media":0,"parent":0,"menu_order":0,"comment_status":"closed","ping_status":"closed","template":"","meta":{"site-sidebar-layout":"no-sidebar","site-content-layout":"page-builder","ast-site-content-layout":"full-width-container","site-content-style":"default","site-sidebar-style":"default","ast-global-header-display":"","ast-banner-title-visibility":"","ast-main-header-display":"","ast-hfb-above-header-display":"","ast-hfb-below-header-display":"","ast-hfb-mobile-header-display":"","site-post-title":"","ast-breadcrumbs-content":"","ast-featured-img":"disabled","footer-sml-layout":"","theme-transparent-header-meta":"","adv-header-id-meta":"","stick-header-meta":"","header-above-stick-meta":"","header-main-stick-meta":"","header-below-stick-meta":"","astra-migrate-meta-layouts":"set","ast-page-background-enabled":"default","ast-page-background-meta":{"desktop":{"background-color":"","background-image":"","background-repeat":"repeat","background-position":"center center","background-size":"auto","background-attachment":"scroll","background-type":"","background-media":"","overlay-type":"","overlay-color":"","overlay-opacity":"","overlay-gradient":""},"tablet":{"background-color":"","background-image":"","background-repeat":"repeat","background-position":"center center","background-size":"auto","background-attachment":"scroll","background-type":"","background-media":"","overlay-type":"","overlay-color":"","overlay-opacity":"","overlay-gradient":""},"mobile":{"background-color":"","background-image":"","background-repeat":"repeat","background-position":"center center","background-size":"auto","background-attachment":"scroll","background-type":"","background-media":"","overlay-type":"","overlay-color":"","overlay-opacity":"","overlay-gradient":""}},"ast-content-background-meta":{"desktop":{"background-color":"var(--ast-global-color-5)","background-image":"","background-repeat":"repeat","background-position":"center center","background-size":"auto","background-attachment":"scroll","background-type":"","background-media":"","overlay-type":"","overlay-color":"","overlay-opacity":"","overlay-gradient":""},"tablet":{"background-color":"var(--ast-global-color-5)","background-image":"","background-repeat":"repeat","background-position":"center center","background-size":"auto","background-attachment":"scroll","background-type":"","background-media":"","overlay-type":"","overlay-color":"","overlay-opacity":"","overlay-gradient":""},"mobile":{"background-color":"var(--ast-global-color-5)","background-image":"","background-repeat":"repeat","background-position":"center center","background-size":"auto","background-attachment":"scroll","background-type":"","background-media":"","overlay-type":"","overlay-color":"","overlay-opacity":"","overlay-gradient":""}},"footnotes":""},"class_list":["post-8507","page","type-page","status-publish","hentry"],"jetpack_sharing_enabled":true,"_links":{"self":[{"href":"https:\/\/domaciokusi.com\/de\/wp-json\/wp\/v2\/pages\/8507","targetHints":{"allow":["GET"]}}],"collection":[{"href":"https:\/\/domaciokusi.com\/de\/wp-json\/wp\/v2\/pages"}],"about":[{"href":"https:\/\/domaciokusi.com\/de\/wp-json\/wp\/v2\/types\/page"}],"author":[{"embeddable":true,"href":"https:\/\/domaciokusi.com\/de\/wp-json\/wp\/v2\/users\/1"}],"replies":[{"embeddable":true,"href":"https:\/\/domaciokusi.com\/de\/wp-json\/wp\/v2\/comments?post=8507"}],"version-history":[{"count":4,"href":"https:\/\/domaciokusi.com\/de\/wp-json\/wp\/v2\/pages\/8507\/revisions"}],"predecessor-version":[{"id":8511,"href":"https:\/\/domaciokusi.com\/de\/wp-json\/wp\/v2\/pages\/8507\/revisions\/8511"}],"wp:attachment":[{"href":"https:\/\/domaciokusi.com\/de\/wp-json\/wp\/v2\/media?parent=8507"}],"curies":[{"name":"wp","href":"https:\/\/api.w.org\/{rel}","templated":true}]}}